{"id":876,"date":"2015-09-21T19:56:17","date_gmt":"2015-09-21T17:56:17","guid":{"rendered":"http:\/\/eric-creation.com\/wordpress\/travels\/?page_id=876"},"modified":"2015-11-01T00:37:57","modified_gmt":"2015-10-31T23:37:57","slug":"travels-2015","status":"publish","type":"page","link":"https:\/\/eric-creation.com\/wordpress\/travels\/fr\/travels-2015\/","title":{"rendered":"Voyages 2015"},"content":{"rendered":"<p>2015: nouvelle ann\u00e9e, nouvelles destinations, nouveaux continents, nouvelles aventures!<\/p>\n<p>Apr\u00e8s le Moyen Orient, l&rsquo;Asie et l&rsquo;Am\u00e9rique du nord en 2012 et 2013 puis 2014 principalement en Europe, il est temps de d\u00e9couvrir l&rsquo;Afrique. Ou juste un aper\u00e7u, avec l&rsquo;Afrique du Sud et Madagascar, mais \u00e0 v\u00e9lo! Et comme je suis dans le coin, je finis ce p\u00e9riple par de belles randos \u00e0 La R\u00e9union!<\/p>\n<p>A peine de retour en Europe \u00e0 la mi juin, de bons amis me disent qu&rsquo;ils se rendront en Australie mi-Ao\u00fbt. Je v\u00e9rifie rapidement les vols et profite de cette occasion pour d\u00e9couvrir ce continent avec eux. Je commence par la Malaisie pour 2 semaines, pi\u00e8ce manquante de mon voyage de 2012\/2013. Puis je rejoins ces amis \u00e0 Sydney et nous voyageons ensemble avec une voiture de location pendant 3 semaines jusqu&rsquo;\u00e0 Brisbane. Je reste 3 semaines de plus en backpacker solo, jusqu&rsquo;\u00e0 Cairns et puis Melbourne \u00e0 la fin.<\/p>\n<p>[travelmap-map height=510 first=2015-02-26 last=2015-09-18 markers=false]<\/p>\n","protected":false},"excerpt":{"rendered":"<p>2015: nouvelle ann\u00e9e, nouvelles destinations, nouveaux continents, nouvelles aventures! Apr\u00e8s le Moyen Orient, l&rsquo;Asie et l&rsquo;Am\u00e9rique du nord en 2012 et 2013 puis 2014 principalement en Europe, il est temps de d\u00e9couvrir l&rsquo;Afrique. Ou juste un aper\u00e7u, avec l&rsquo;Afrique du&hellip; <\/p>\n","protected":false},"author":1,"featured_media":0,"parent":0,"menu_order":0,"comment_status":"closed","ping_status":"closed","template":"","meta":{"jetpack_post_was_ever_published":false,"footnotes":""},"class_list":["post-876","page","type-page","status-publish","hentry"],"jetpack_shortlink":"https:\/\/wp.me\/P31eG3-e8","jetpack_sharing_enabled":true,"jetpack_likes_enabled":true,"jetpack-related-posts":[],"_links":{"self":[{"href":"https:\/\/eric-creation.com\/wordpress\/travels\/fr\/wp-json\/wp\/v2\/pages\/876","targetHints":{"allow":["GET"]}}],"collection":[{"href":"https:\/\/eric-creation.com\/wordpress\/travels\/fr\/wp-json\/wp\/v2\/pages"}],"about":[{"href":"https:\/\/eric-creation.com\/wordpress\/travels\/fr\/wp-json\/wp\/v2\/types\/page"}],"author":[{"embeddable":true,"href":"https:\/\/eric-creation.com\/wordpress\/travels\/fr\/wp-json\/wp\/v2\/users\/1"}],"replies":[{"embeddable":true,"href":"https:\/\/eric-creation.com\/wordpress\/travels\/fr\/wp-json\/wp\/v2\/comments?post=876"}],"version-history":[{"count":5,"href":"https:\/\/eric-creation.com\/wordpress\/travels\/fr\/wp-json\/wp\/v2\/pages\/876\/revisions"}],"predecessor-version":[{"id":890,"href":"https:\/\/eric-creation.com\/wordpress\/travels\/fr\/wp-json\/wp\/v2\/pages\/876\/revisions\/890"}],"wp:attachment":[{"href":"https:\/\/eric-creation.com\/wordpress\/travels\/fr\/wp-json\/wp\/v2\/media?parent=876"}],"curies":[{"name":"wp","href":"https:\/\/api.w.org\/{rel}","templated":true}]}}